{"id":467,"date":"2020-02-21T00:18:08","date_gmt":"2020-02-21T00:18:08","guid":{"rendered":"https:\/\/cpnda.com\/wp\/?page_id=467"},"modified":"2020-02-24T00:05:48","modified_gmt":"2020-02-24T00:05:48","slug":"biblio-videoteca","status":"publish","type":"page","link":"https:\/\/cpnda.com\/wp\/biblio-videoteca\/","title":{"rendered":"Biblio Videoteca"},"content":{"rendered":"\n<p class=\"has-text-align-justify wp-block-paragraph\">Com o intuito de dinamizar um espa\u00e7o cheio de possibilidades o Clube Pesca e N\u00e1utica Desportiva \u2013 Albufeira, pretende por \u00e0 disposi\u00e7\u00e3o dos interessados uma nova val\u00eancia \u2013 a Biblio Videoteca.<\/p>\n\n\n\n<p class=\"has-text-align-justify wp-block-paragraph\">Iniciado no ano lectivo, 2007 \/ 2008, pretende desenvolver actividades de divulga\u00e7\u00e3o, consulta, exposi\u00e7\u00f5es e leituras sobre educa\u00e7\u00e3o ambiental.<\/p>\n\n\n\n<p class=\"has-text-align-justify wp-block-paragraph\">Possuindo obras dedicadas \u00e0s actividades que o Clube desenvolve, temos literatura espec\u00edfica sobre Aqu\u00e1rios, Desportos Aqu\u00e1ticos, Educa\u00e7\u00e3o Ambiental, Geologia, Atlas Geogr\u00e1ficos, Guias de Identifica\u00e7\u00e3o de Esp\u00e9cies de \u00e1gua salgada e de \u00e1gua doce, Mar e Cultura, Fotografia aqu\u00e1tica, N\u00e1utica, Pesca, Primeiros Socorros e Xadrez.<\/p>\n\n\n\n<p class=\"wp-block-paragraph\">Temos v\u00e1rias revistas e jornais da especialidade, bem como filmes relacionados com o mar.<\/p>\n\n\n\n<p class=\"has-text-align-justify wp-block-paragraph\">O Espa\u00e7o est\u00e1 equipado com 2 computadores ligados \u00e0 Internet, para utiliza\u00e7\u00e3o e consulta dos interessados, bem como meios audiovisuais para visionamento de filmes.<\/p>\n\n\n\n<p class=\"has-text-align-justify wp-block-paragraph\">Existe grande potencial para exposi\u00e7\u00f5es sobre tem\u00e1ticas ambientais, apelando \u00e0 colabora\u00e7\u00e3o das escolas que tenham interesse em desenvolver projectos connosco.<\/p>\n\n\n\n<p class=\"has-text-align-justify wp-block-paragraph\">Todas as Actividades de Sensibiliza\u00e7\u00e3o Ambiental e as Palestras ligadas ao Mar e Ecossistemas podem ser realizadas neste espa\u00e7o, podendo, no caso das camadas mais jovens, serem apresentadas como historias ou contos relacionados com as tem\u00e1ticas que se pretende implementar.<\/p>\n\n\n\n<p class=\"has-text-align-justify wp-block-paragraph\">O p\u00fablico-alvo, \u00e9 a popula\u00e7\u00e3o em geral com maior \u00eanfase para as crian\u00e7as desde o pr\u00e9-escolar at\u00e9 ao secund\u00e1rio.<\/p>\n\n\n\n<p class=\"has-text-align-justify wp-block-paragraph\">T\u00e9cnicos respons\u00e1veis: Bi\u00f3loga Ana Sim\u00f5es, Eng. de Ambiente Miguel Brito da Mana e Educadora de Inf\u00e2ncia Carla Brito da Mana<\/p>\n\n\n\n<p class=\"wp-block-paragraph\"><\/p>\n\n\n<div class=\"epyt-gallery\" data-currpage=\"1\" id=\"epyt_gallery_99373\"><iframe loading=\"lazy\"  id=\"_ytid_33472\"  width=\"640\" height=\"360\"  data-origwidth=\"640\" data-origheight=\"360\" src=\"https:\/\/www.youtube.com\/embed\/?enablejsapi=1&#038;autoplay=0&#038;cc_load_policy=0&#038;cc_lang_pref=&#038;iv_load_policy=1&#038;loop=0&#038;rel=1&#038;fs=1&#038;playsinline=0&#038;autohide=2&#038;theme=dark&#038;color=red&#038;controls=1&#038;disablekb=0&#038;\" class=\"__youtube_prefs__  no-lazyload\" title=\"YouTube player\"  data-epytgalleryid=\"epyt_gallery_99373\"  allow=\"fullscreen; accelerometer; autoplay; clipboard-write; encrypted-media; gyroscope; picture-in-picture; web-share\" referrerpolicy=\"strict-origin-when-cross-origin\" allowfullscreen data-no-lazy=\"1\" data-skipgform_ajax_framebjll=\"\"><\/iframe><div class=\"epyt-gallery-list\"><div>Please enter your YouTube API key to embed galleries.<\/div><\/div><\/div>","protected":false},"excerpt":{"rendered":"<p>Com o intuito de dinamizar um espa\u00e7o cheio de possibilidades o Clube Pesca e N\u00e1utica Desportiva \u2013 Albufeira, pretende por \u00e0 disposi\u00e7\u00e3o dos interessados uma nova val\u00eancia \u2013 a Biblio Videoteca. Iniciado no ano lectivo, 2007 \/ 2008, pretende desenvolver actividades de divulga\u00e7\u00e3o, consulta, exposi\u00e7\u00f5es e leituras sobre educa\u00e7\u00e3o ambiental. Possuindo obras dedicadas \u00e0s actividades [&hellip;]<\/p>\n","protected":false},"author":1,"featured_media":501,"parent":0,"menu_order":0,"comment_status":"closed","ping_status":"closed","template":"","meta":{"_crdt_document":"","footnotes":""},"class_list":["post-467","page","type-page","status-publish","has-post-thumbnail","hentry"],"_links":{"self":[{"href":"https:\/\/cpnda.com\/wp\/wp-json\/wp\/v2\/pages\/467","targetHints":{"allow":["GET"]}}],"collection":[{"href":"https:\/\/cpnda.com\/wp\/wp-json\/wp\/v2\/pages"}],"about":[{"href":"https:\/\/cpnda.com\/wp\/wp-json\/wp\/v2\/types\/page"}],"author":[{"embeddable":true,"href":"https:\/\/cpnda.com\/wp\/wp-json\/wp\/v2\/users\/1"}],"replies":[{"embeddable":true,"href":"https:\/\/cpnda.com\/wp\/wp-json\/wp\/v2\/comments?post=467"}],"version-history":[{"count":3,"href":"https:\/\/cpnda.com\/wp\/wp-json\/wp\/v2\/pages\/467\/revisions"}],"predecessor-version":[{"id":1190,"href":"https:\/\/cpnda.com\/wp\/wp-json\/wp\/v2\/pages\/467\/revisions\/1190"}],"wp:featuredmedia":[{"embeddable":true,"href":"https:\/\/cpnda.com\/wp\/wp-json\/wp\/v2\/media\/501"}],"wp:attachment":[{"href":"https:\/\/cpnda.com\/wp\/wp-json\/wp\/v2\/media?parent=467"}],"curies":[{"name":"wp","href":"https:\/\/api.w.org\/{rel}","templated":true}]}}