{"id":263,"date":"2020-02-18T22:51:31","date_gmt":"2020-02-18T22:51:31","guid":{"rendered":"https:\/\/cpnda.com\/wp\/?page_id=263"},"modified":"2020-02-22T19:10:39","modified_gmt":"2020-02-22T19:10:39","slug":"escolinha-2","status":"publish","type":"page","link":"https:\/\/cpnda.com\/wp\/pesca\/escolinha-2\/","title":{"rendered":"Escolinha"},"content":{"rendered":"\n<h3 class=\"wp-block-heading\">Projecto Escola de Pesca<\/h3>\n\n\n\n<p class=\"has-text-align-justify wp-block-paragraph\">\u00c9 inten\u00e7\u00e3o do clube formar novas gera\u00e7\u00f5es de campe\u00f5es, para isso \u00e9 nos jovens que temos de apostar com forma\u00e7\u00e3o em aulas te\u00f3ricas e praticas.<\/p>\n\n\n\n<p class=\"has-text-align-justify wp-block-paragraph\">Se est\u00e1s interessado em aprender a pescar e participar nos respectivos campeonatos n\u00e3o hesites em te inscrever na&nbsp;nossa ESCOLINHA.<\/p>\n\n\n\n<p class=\"wp-block-paragraph\">Da responsabilidade das Sec\u00e7\u00f5es de Pesca de Mar e de Pesca de Alto Mar.<\/p>\n\n\n\n<p class=\"wp-block-paragraph\">contacto:&nbsp;<a href=\"mailto:cpndalbufeira@sapo.pt\">cpndalbufeira@sapo.pt<\/a><\/p>\n\n\n\n<p class=\"wp-block-paragraph\"><strong>A JUVENTUDE \u00c9 O NOSSO FUTURO !!!<\/strong><\/p>\n\n\n\n<p class=\"wp-block-paragraph\">BREVEMENTE INFORMA\u00c7\u00c3O SOBRE CURSOS, DATAS E LOCAIS.<\/p>\n\n\n<style>.wp-block-kadence-advancedgallery .kb-gallery-type-masonry.kb-gallery-id-_845c71-5a{margin:-5px;}.kb-gallery-type-masonry.kb-gallery-id-_845c71-5a .kadence-blocks-gallery-item{padding:5px;}.kb-gallery-id-_845c71-5a .kadence-blocks-gallery-item .kb-gal-image-radius, .kb-gallery-id-_845c71-5a .kb-slide-item .kb-gal-image-radius img{border-radius:0px 0px 0px 0px;;}<\/style><div class=\"kb-gallery-wrap-id-_845c71-5a alignnone wp-block-kadence-advancedgallery\"><ul class=\"kb-gallery-ul kb-gallery-non-static kb-gallery-type-masonry kb-masonry-init kb-gallery-id-_845c71-5a kb-gallery-caption-style-bottom-hover kb-gallery-filter-none kb-gallery-magnific-init\" data-image-filter=\"none\" data-item-selector=\".kadence-blocks-gallery-item\" data-lightbox-caption=\"true\" data-columns-xxl=\"3\" data-columns-xl=\"3\" data-columns-md=\"3\" data-columns-sm=\"2\" data-columns-xs=\"1\" data-columns-ss=\"1\"><li class=\"kadence-blocks-gallery-item\"><div class=\"kadence-blocks-gallery-item-inner\"><figure class=\"kb-gallery-figure kb-gallery-item-has-link kadence-blocks-gallery-item-hide-caption\"><a href=\"https:\/\/cpnda.com\/wp\/wp-content\/uploads\/2020\/02\/13240583_839423886162383_2636123215995356345_n.jpg\" class=\"kb-gallery-item-link\"   role=\"button\" aria-haspopup=\"dialog\"><div class=\"kb-gal-image-radius\" style=\"max-width:720px;\"><div class=\"kb-gallery-image-contain kadence-blocks-gallery-intrinsic\" style=\"padding-bottom:133%;\"><img loading=\"lazy\" decoding=\"async\" src=\"https:\/\/cpnda.com\/wp\/wp-content\/uploads\/2020\/02\/13240583_839423886162383_2636123215995356345_n.jpg\" width=\"720\" height=\"960\" alt=\"\" data-full-image=\"https:\/\/cpnda.com\/wp\/wp-content\/uploads\/2020\/02\/13240583_839423886162383_2636123215995356345_n.jpg\" data-light-image=\"https:\/\/cpnda.com\/wp\/wp-content\/uploads\/2020\/02\/13240583_839423886162383_2636123215995356345_n.jpg\" data-id=\"842\" class=\"wp-image-842\" srcset=\"https:\/\/cpnda.com\/wp\/wp-content\/uploads\/2020\/02\/13240583_839423886162383_2636123215995356345_n.jpg 720w, https:\/\/cpnda.com\/wp\/wp-content\/uploads\/2020\/02\/13240583_839423886162383_2636123215995356345_n-225x300.jpg 225w\" sizes=\"auto, (max-width: 720px) 100vw, 720px\" \/><\/div><\/div><\/a><\/figure><\/div><\/li><li class=\"kadence-blocks-gallery-item\"><div class=\"kadence-blocks-gallery-item-inner\"><figure class=\"kb-gallery-figure kb-gallery-item-has-link kadence-blocks-gallery-item-hide-caption\"><a href=\"https:\/\/cpnda.com\/wp\/wp-content\/uploads\/2020\/02\/13256530_839423876162384_8061645621996760892_n.jpg\" class=\"kb-gallery-item-link\"   role=\"button\" aria-haspopup=\"dialog\"><div class=\"kb-gal-image-radius\" style=\"max-width:720px;\"><div class=\"kb-gallery-image-contain kadence-blocks-gallery-intrinsic\" style=\"padding-bottom:133%;\"><img loading=\"lazy\" decoding=\"async\" src=\"https:\/\/cpnda.com\/wp\/wp-content\/uploads\/2020\/02\/13256530_839423876162384_8061645621996760892_n.jpg\" width=\"720\" height=\"960\" alt=\"\" data-full-image=\"https:\/\/cpnda.com\/wp\/wp-content\/uploads\/2020\/02\/13256530_839423876162384_8061645621996760892_n.jpg\" data-light-image=\"https:\/\/cpnda.com\/wp\/wp-content\/uploads\/2020\/02\/13256530_839423876162384_8061645621996760892_n.jpg\" data-id=\"843\" class=\"wp-image-843\" srcset=\"https:\/\/cpnda.com\/wp\/wp-content\/uploads\/2020\/02\/13256530_839423876162384_8061645621996760892_n.jpg 720w, https:\/\/cpnda.com\/wp\/wp-content\/uploads\/2020\/02\/13256530_839423876162384_8061645621996760892_n-225x300.jpg 225w\" sizes=\"auto, (max-width: 720px) 100vw, 720px\" \/><\/div><\/div><\/a><\/figure><\/div><\/li><li class=\"kadence-blocks-gallery-item\"><div class=\"kadence-blocks-gallery-item-inner\"><figure class=\"kb-gallery-figure kb-gallery-item-has-link kadence-blocks-gallery-item-hide-caption\"><a href=\"https:\/\/cpnda.com\/wp\/wp-content\/uploads\/2020\/02\/13344656_850640938374011_1692486028922979420_n.jpg\" class=\"kb-gallery-item-link\"   role=\"button\" aria-haspopup=\"dialog\"><div class=\"kb-gal-image-radius\" style=\"max-width:720px;\"><div class=\"kb-gallery-image-contain kadence-blocks-gallery-intrinsic\" style=\"padding-bottom:133%;\"><img loading=\"lazy\" decoding=\"async\" src=\"https:\/\/cpnda.com\/wp\/wp-content\/uploads\/2020\/02\/13344656_850640938374011_1692486028922979420_n.jpg\" width=\"720\" height=\"960\" alt=\"\" data-full-image=\"https:\/\/cpnda.com\/wp\/wp-content\/uploads\/2020\/02\/13344656_850640938374011_1692486028922979420_n.jpg\" data-light-image=\"https:\/\/cpnda.com\/wp\/wp-content\/uploads\/2020\/02\/13344656_850640938374011_1692486028922979420_n.jpg\" data-id=\"844\" class=\"wp-image-844\" srcset=\"https:\/\/cpnda.com\/wp\/wp-content\/uploads\/2020\/02\/13344656_850640938374011_1692486028922979420_n.jpg 720w, https:\/\/cpnda.com\/wp\/wp-content\/uploads\/2020\/02\/13344656_850640938374011_1692486028922979420_n-225x300.jpg 225w\" sizes=\"auto, (max-width: 720px) 100vw, 720px\" \/><\/div><\/div><\/a><\/figure><\/div><\/li><li class=\"kadence-blocks-gallery-item\"><div class=\"kadence-blocks-gallery-item-inner\"><figure class=\"kb-gallery-figure kb-gallery-item-has-link kadence-blocks-gallery-item-hide-caption\"><a href=\"https:\/\/cpnda.com\/wp\/wp-content\/uploads\/2020\/02\/13529116_862653863839385_6879169256829195114_n.jpg\" class=\"kb-gallery-item-link\"   role=\"button\" aria-haspopup=\"dialog\"><div class=\"kb-gal-image-radius\" style=\"max-width:720px;\"><div class=\"kb-gallery-image-contain kadence-blocks-gallery-intrinsic\" style=\"padding-bottom:133%;\"><img loading=\"lazy\" decoding=\"async\" src=\"https:\/\/cpnda.com\/wp\/wp-content\/uploads\/2020\/02\/13529116_862653863839385_6879169256829195114_n.jpg\" width=\"720\" height=\"960\" alt=\"\" data-full-image=\"https:\/\/cpnda.com\/wp\/wp-content\/uploads\/2020\/02\/13529116_862653863839385_6879169256829195114_n.jpg\" data-light-image=\"https:\/\/cpnda.com\/wp\/wp-content\/uploads\/2020\/02\/13529116_862653863839385_6879169256829195114_n.jpg\" data-id=\"845\" class=\"wp-image-845\" srcset=\"https:\/\/cpnda.com\/wp\/wp-content\/uploads\/2020\/02\/13529116_862653863839385_6879169256829195114_n.jpg 720w, https:\/\/cpnda.com\/wp\/wp-content\/uploads\/2020\/02\/13529116_862653863839385_6879169256829195114_n-225x300.jpg 225w\" sizes=\"auto, (max-width: 720px) 100vw, 720px\" \/><\/div><\/div><\/a><\/figure><\/div><\/li><li class=\"kadence-blocks-gallery-item\"><div class=\"kadence-blocks-gallery-item-inner\"><figure class=\"kb-gallery-figure kb-gallery-item-has-link kadence-blocks-gallery-item-hide-caption\"><a href=\"https:\/\/cpnda.com\/wp\/wp-content\/uploads\/2020\/02\/13558926_864257223679049_403456140991283203_o.jpg\" class=\"kb-gallery-item-link\"   role=\"button\" aria-haspopup=\"dialog\"><div class=\"kb-gal-image-radius\" style=\"max-width:657px;\"><div class=\"kb-gallery-image-contain kadence-blocks-gallery-intrinsic\" style=\"padding-bottom:155%;\"><img loading=\"lazy\" decoding=\"async\" src=\"https:\/\/cpnda.com\/wp\/wp-content\/uploads\/2020\/02\/13558926_864257223679049_403456140991283203_o-657x1024.jpg\" width=\"657\" height=\"1024\" alt=\"\" data-full-image=\"https:\/\/cpnda.com\/wp\/wp-content\/uploads\/2020\/02\/13558926_864257223679049_403456140991283203_o.jpg\" data-light-image=\"https:\/\/cpnda.com\/wp\/wp-content\/uploads\/2020\/02\/13558926_864257223679049_403456140991283203_o.jpg\" data-id=\"846\" class=\"wp-image-846\" srcset=\"https:\/\/cpnda.com\/wp\/wp-content\/uploads\/2020\/02\/13558926_864257223679049_403456140991283203_o-657x1024.jpg 657w, https:\/\/cpnda.com\/wp\/wp-content\/uploads\/2020\/02\/13558926_864257223679049_403456140991283203_o-193x300.jpg 193w, https:\/\/cpnda.com\/wp\/wp-content\/uploads\/2020\/02\/13558926_864257223679049_403456140991283203_o.jpg 681w\" sizes=\"auto, (max-width: 657px) 100vw, 657px\" \/><\/div><\/div><\/a><\/figure><\/div><\/li><li class=\"kadence-blocks-gallery-item\"><div class=\"kadence-blocks-gallery-item-inner\"><figure class=\"kb-gallery-figure kb-gallery-item-has-link kadence-blocks-gallery-item-hide-caption\"><a href=\"https:\/\/cpnda.com\/wp\/wp-content\/uploads\/2020\/02\/13576920_864257433679028_807248612653040541_o.jpg\" class=\"kb-gallery-item-link\"   role=\"button\" aria-haspopup=\"dialog\"><div class=\"kb-gal-image-radius\" style=\"max-width:643px;\"><div class=\"kb-gallery-image-contain kadence-blocks-gallery-intrinsic\" style=\"padding-bottom:156%;\"><img loading=\"lazy\" decoding=\"async\" src=\"https:\/\/cpnda.com\/wp\/wp-content\/uploads\/2020\/02\/13576920_864257433679028_807248612653040541_o.jpg\" width=\"643\" height=\"1007\" alt=\"\" data-full-image=\"https:\/\/cpnda.com\/wp\/wp-content\/uploads\/2020\/02\/13576920_864257433679028_807248612653040541_o.jpg\" data-light-image=\"https:\/\/cpnda.com\/wp\/wp-content\/uploads\/2020\/02\/13576920_864257433679028_807248612653040541_o.jpg\" data-id=\"847\" class=\"wp-image-847\" srcset=\"https:\/\/cpnda.com\/wp\/wp-content\/uploads\/2020\/02\/13576920_864257433679028_807248612653040541_o.jpg 643w, https:\/\/cpnda.com\/wp\/wp-content\/uploads\/2020\/02\/13576920_864257433679028_807248612653040541_o-192x300.jpg 192w\" sizes=\"auto, (max-width: 643px) 100vw, 643px\" \/><\/div><\/div><\/a><\/figure><\/div><\/li><li class=\"kadence-blocks-gallery-item\"><div class=\"kadence-blocks-gallery-item-inner\"><figure class=\"kb-gallery-figure kb-gallery-item-has-link kadence-blocks-gallery-item-hide-caption\"><a href=\"https:\/\/cpnda.com\/wp\/wp-content\/uploads\/2020\/02\/16142996_1029419923829444_4692272222755038754_n.jpg\" class=\"kb-gallery-item-link\"   role=\"button\" aria-haspopup=\"dialog\"><div class=\"kb-gal-image-radius\" style=\"max-width:720px;\"><div class=\"kb-gallery-image-contain kadence-blocks-gallery-intrinsic\" style=\"padding-bottom:133%;\"><img loading=\"lazy\" decoding=\"async\" src=\"https:\/\/cpnda.com\/wp\/wp-content\/uploads\/2020\/02\/16142996_1029419923829444_4692272222755038754_n.jpg\" width=\"720\" height=\"960\" alt=\"\" data-full-image=\"https:\/\/cpnda.com\/wp\/wp-content\/uploads\/2020\/02\/16142996_1029419923829444_4692272222755038754_n.jpg\" data-light-image=\"https:\/\/cpnda.com\/wp\/wp-content\/uploads\/2020\/02\/16142996_1029419923829444_4692272222755038754_n.jpg\" data-id=\"848\" class=\"wp-image-848\" srcset=\"https:\/\/cpnda.com\/wp\/wp-content\/uploads\/2020\/02\/16142996_1029419923829444_4692272222755038754_n.jpg 720w, https:\/\/cpnda.com\/wp\/wp-content\/uploads\/2020\/02\/16142996_1029419923829444_4692272222755038754_n-225x300.jpg 225w\" sizes=\"auto, (max-width: 720px) 100vw, 720px\" \/><\/div><\/div><\/a><\/figure><\/div><\/li><li class=\"kadence-blocks-gallery-item\"><div class=\"kadence-blocks-gallery-item-inner\"><figure class=\"kb-gallery-figure kb-gallery-item-has-link kadence-blocks-gallery-item-hide-caption\"><a href=\"https:\/\/cpnda.com\/wp\/wp-content\/uploads\/2020\/02\/33601731_1472790189492413_3361958463524569088_o.jpg\" class=\"kb-gallery-item-link\"   role=\"button\" aria-haspopup=\"dialog\"><div class=\"kb-gal-image-radius\" style=\"max-width:768px;\"><div class=\"kb-gallery-image-contain kadence-blocks-gallery-intrinsic\" style=\"padding-bottom:133%;\"><img loading=\"lazy\" decoding=\"async\" src=\"https:\/\/cpnda.com\/wp\/wp-content\/uploads\/2020\/02\/33601731_1472790189492413_3361958463524569088_o-768x1024.jpg\" width=\"768\" height=\"1024\" alt=\"\" data-full-image=\"https:\/\/cpnda.com\/wp\/wp-content\/uploads\/2020\/02\/33601731_1472790189492413_3361958463524569088_o.jpg\" data-light-image=\"https:\/\/cpnda.com\/wp\/wp-content\/uploads\/2020\/02\/33601731_1472790189492413_3361958463524569088_o.jpg\" data-id=\"850\" class=\"wp-image-850\" srcset=\"https:\/\/cpnda.com\/wp\/wp-content\/uploads\/2020\/02\/33601731_1472790189492413_3361958463524569088_o-768x1024.jpg 768w, https:\/\/cpnda.com\/wp\/wp-content\/uploads\/2020\/02\/33601731_1472790189492413_3361958463524569088_o-225x300.jpg 225w, https:\/\/cpnda.com\/wp\/wp-content\/uploads\/2020\/02\/33601731_1472790189492413_3361958463524569088_o-1152x1536.jpg 1152w, https:\/\/cpnda.com\/wp\/wp-content\/uploads\/2020\/02\/33601731_1472790189492413_3361958463524569088_o.jpg 1536w\" sizes=\"auto, (max-width: 768px) 100vw, 768px\" \/><\/div><\/div><\/a><\/figure><\/div><\/li><li class=\"kadence-blocks-gallery-item\"><div class=\"kadence-blocks-gallery-item-inner\"><figure class=\"kb-gallery-figure kb-gallery-item-has-link kadence-blocks-gallery-item-hide-caption\"><a href=\"https:\/\/cpnda.com\/wp\/wp-content\/uploads\/2020\/02\/33691144_1472790112825754_5485622828491341824_o.jpg\" class=\"kb-gallery-item-link\"   role=\"button\" aria-haspopup=\"dialog\"><div class=\"kb-gal-image-radius\" style=\"max-width:768px;\"><div class=\"kb-gallery-image-contain kadence-blocks-gallery-intrinsic\" style=\"padding-bottom:133%;\"><img loading=\"lazy\" decoding=\"async\" src=\"https:\/\/cpnda.com\/wp\/wp-content\/uploads\/2020\/02\/33691144_1472790112825754_5485622828491341824_o-768x1024.jpg\" width=\"768\" height=\"1024\" alt=\"\" data-full-image=\"https:\/\/cpnda.com\/wp\/wp-content\/uploads\/2020\/02\/33691144_1472790112825754_5485622828491341824_o.jpg\" data-light-image=\"https:\/\/cpnda.com\/wp\/wp-content\/uploads\/2020\/02\/33691144_1472790112825754_5485622828491341824_o.jpg\" data-id=\"851\" class=\"wp-image-851\" srcset=\"https:\/\/cpnda.com\/wp\/wp-content\/uploads\/2020\/02\/33691144_1472790112825754_5485622828491341824_o-768x1024.jpg 768w, https:\/\/cpnda.com\/wp\/wp-content\/uploads\/2020\/02\/33691144_1472790112825754_5485622828491341824_o-225x300.jpg 225w, https:\/\/cpnda.com\/wp\/wp-content\/uploads\/2020\/02\/33691144_1472790112825754_5485622828491341824_o-1152x1536.jpg 1152w, https:\/\/cpnda.com\/wp\/wp-content\/uploads\/2020\/02\/33691144_1472790112825754_5485622828491341824_o.jpg 1536w\" sizes=\"auto, (max-width: 768px) 100vw, 768px\" \/><\/div><\/div><\/a><\/figure><\/div><\/li><li class=\"kadence-blocks-gallery-item\"><div class=\"kadence-blocks-gallery-item-inner\"><figure class=\"kb-gallery-figure kb-gallery-item-has-link kadence-blocks-gallery-item-hide-caption\"><a href=\"https:\/\/cpnda.com\/wp\/wp-content\/uploads\/2020\/02\/33758494_1472894682815297_107017519725805568_o.jpg\" class=\"kb-gallery-item-link\"   role=\"button\" aria-haspopup=\"dialog\"><div class=\"kb-gal-image-radius\" style=\"max-width:1024px;\"><div class=\"kb-gallery-image-contain kadence-blocks-gallery-intrinsic\" style=\"padding-bottom:75%;\"><img loading=\"lazy\" decoding=\"async\" src=\"https:\/\/cpnda.com\/wp\/wp-content\/uploads\/2020\/02\/33758494_1472894682815297_107017519725805568_o-1024x768.jpg\" width=\"1024\" height=\"768\" alt=\"\" data-full-image=\"https:\/\/cpnda.com\/wp\/wp-content\/uploads\/2020\/02\/33758494_1472894682815297_107017519725805568_o.jpg\" data-light-image=\"https:\/\/cpnda.com\/wp\/wp-content\/uploads\/2020\/02\/33758494_1472894682815297_107017519725805568_o.jpg\" data-id=\"852\" class=\"wp-image-852\" srcset=\"https:\/\/cpnda.com\/wp\/wp-content\/uploads\/2020\/02\/33758494_1472894682815297_107017519725805568_o-1024x768.jpg 1024w, https:\/\/cpnda.com\/wp\/wp-content\/uploads\/2020\/02\/33758494_1472894682815297_107017519725805568_o-300x225.jpg 300w, https:\/\/cpnda.com\/wp\/wp-content\/uploads\/2020\/02\/33758494_1472894682815297_107017519725805568_o-768x576.jpg 768w, https:\/\/cpnda.com\/wp\/wp-content\/uploads\/2020\/02\/33758494_1472894682815297_107017519725805568_o-1536x1152.jpg 1536w, https:\/\/cpnda.com\/wp\/wp-content\/uploads\/2020\/02\/33758494_1472894682815297_107017519725805568_o.jpg 2048w\" sizes=\"auto, (max-width: 1024px) 100vw, 1024px\" \/><\/div><\/div><\/a><\/figure><\/div><\/li><li class=\"kadence-blocks-gallery-item\"><div class=\"kadence-blocks-gallery-item-inner\"><figure class=\"kb-gallery-figure kb-gallery-item-has-link kadence-blocks-gallery-item-hide-caption\"><a href=\"https:\/\/cpnda.com\/wp\/wp-content\/uploads\/2020\/02\/13332989_1318872778140149_2104824670652514944_n.jpg\" class=\"kb-gallery-item-link\"   role=\"button\" aria-haspopup=\"dialog\"><div class=\"kb-gal-image-radius\" style=\"max-width:960px;\"><div class=\"kb-gallery-image-contain kadence-blocks-gallery-intrinsic\" style=\"padding-bottom:75%;\"><img loading=\"lazy\" decoding=\"async\" src=\"https:\/\/cpnda.com\/wp\/wp-content\/uploads\/2020\/02\/13332989_1318872778140149_2104824670652514944_n.jpg\" width=\"960\" height=\"720\" alt=\"\" data-full-image=\"https:\/\/cpnda.com\/wp\/wp-content\/uploads\/2020\/02\/13332989_1318872778140149_2104824670652514944_n.jpg\" data-light-image=\"https:\/\/cpnda.com\/wp\/wp-content\/uploads\/2020\/02\/13332989_1318872778140149_2104824670652514944_n.jpg\" data-id=\"855\" class=\"wp-image-855\" srcset=\"https:\/\/cpnda.com\/wp\/wp-content\/uploads\/2020\/02\/13332989_1318872778140149_2104824670652514944_n.jpg 960w, https:\/\/cpnda.com\/wp\/wp-content\/uploads\/2020\/02\/13332989_1318872778140149_2104824670652514944_n-300x225.jpg 300w, https:\/\/cpnda.com\/wp\/wp-content\/uploads\/2020\/02\/13332989_1318872778140149_2104824670652514944_n-768x576.jpg 768w\" sizes=\"auto, (max-width: 960px) 100vw, 960px\" \/><\/div><\/div><\/a><\/figure><\/div><\/li><li class=\"kadence-blocks-gallery-item\"><div class=\"kadence-blocks-gallery-item-inner\"><figure class=\"kb-gallery-figure kb-gallery-item-has-link kadence-blocks-gallery-item-hide-caption\"><a href=\"https:\/\/cpnda.com\/wp\/wp-content\/uploads\/2020\/02\/13346558_1318872741473486_5961690204595673611_n.jpg\" class=\"kb-gallery-item-link\"   role=\"button\" aria-haspopup=\"dialog\"><div class=\"kb-gal-image-radius\" style=\"max-width:960px;\"><div class=\"kb-gallery-image-contain kadence-blocks-gallery-intrinsic\" style=\"padding-bottom:75%;\"><img loading=\"lazy\" decoding=\"async\" src=\"https:\/\/cpnda.com\/wp\/wp-content\/uploads\/2020\/02\/13346558_1318872741473486_5961690204595673611_n.jpg\" width=\"960\" height=\"720\" alt=\"\" data-full-image=\"https:\/\/cpnda.com\/wp\/wp-content\/uploads\/2020\/02\/13346558_1318872741473486_5961690204595673611_n.jpg\" data-light-image=\"https:\/\/cpnda.com\/wp\/wp-content\/uploads\/2020\/02\/13346558_1318872741473486_5961690204595673611_n.jpg\" data-id=\"856\" class=\"wp-image-856\" srcset=\"https:\/\/cpnda.com\/wp\/wp-content\/uploads\/2020\/02\/13346558_1318872741473486_5961690204595673611_n.jpg 960w, https:\/\/cpnda.com\/wp\/wp-content\/uploads\/2020\/02\/13346558_1318872741473486_5961690204595673611_n-300x225.jpg 300w, https:\/\/cpnda.com\/wp\/wp-content\/uploads\/2020\/02\/13346558_1318872741473486_5961690204595673611_n-768x576.jpg 768w\" sizes=\"auto, (max-width: 960px) 100vw, 960px\" \/><\/div><\/div><\/a><\/figure><\/div><\/li><li class=\"kadence-blocks-gallery-item\"><div class=\"kadence-blocks-gallery-item-inner\"><figure class=\"kb-gallery-figure kb-gallery-item-has-link kadence-blocks-gallery-item-hide-caption\"><a href=\"https:\/\/cpnda.com\/wp\/wp-content\/uploads\/2020\/02\/13418783_1318872684806825_8824477873307898408_n.jpg\" class=\"kb-gallery-item-link\"   role=\"button\" aria-haspopup=\"dialog\"><div class=\"kb-gal-image-radius\" style=\"max-width:720px;\"><div class=\"kb-gallery-image-contain kadence-blocks-gallery-intrinsic\" style=\"padding-bottom:133%;\"><img loading=\"lazy\" decoding=\"async\" src=\"https:\/\/cpnda.com\/wp\/wp-content\/uploads\/2020\/02\/13418783_1318872684806825_8824477873307898408_n.jpg\" width=\"720\" height=\"960\" alt=\"\" data-full-image=\"https:\/\/cpnda.com\/wp\/wp-content\/uploads\/2020\/02\/13418783_1318872684806825_8824477873307898408_n.jpg\" data-light-image=\"https:\/\/cpnda.com\/wp\/wp-content\/uploads\/2020\/02\/13418783_1318872684806825_8824477873307898408_n.jpg\" data-id=\"857\" class=\"wp-image-857\" srcset=\"https:\/\/cpnda.com\/wp\/wp-content\/uploads\/2020\/02\/13418783_1318872684806825_8824477873307898408_n.jpg 720w, https:\/\/cpnda.com\/wp\/wp-content\/uploads\/2020\/02\/13418783_1318872684806825_8824477873307898408_n-225x300.jpg 225w\" sizes=\"auto, (max-width: 720px) 100vw, 720px\" \/><\/div><\/div><\/a><\/figure><\/div><\/li><li class=\"kadence-blocks-gallery-item\"><div class=\"kadence-blocks-gallery-item-inner\"><figure class=\"kb-gallery-figure kb-gallery-item-has-link kadence-blocks-gallery-item-hide-caption\"><a href=\"https:\/\/cpnda.com\/wp\/wp-content\/uploads\/2020\/02\/13442191_1318872704806823_8805411228228801472_n.jpg\" class=\"kb-gallery-item-link\"   role=\"button\" aria-haspopup=\"dialog\"><div class=\"kb-gal-image-radius\" style=\"max-width:960px;\"><div class=\"kb-gallery-image-contain kadence-blocks-gallery-intrinsic\" style=\"padding-bottom:75%;\"><img loading=\"lazy\" decoding=\"async\" src=\"https:\/\/cpnda.com\/wp\/wp-content\/uploads\/2020\/02\/13442191_1318872704806823_8805411228228801472_n.jpg\" width=\"960\" height=\"720\" alt=\"\" data-full-image=\"https:\/\/cpnda.com\/wp\/wp-content\/uploads\/2020\/02\/13442191_1318872704806823_8805411228228801472_n.jpg\" data-light-image=\"https:\/\/cpnda.com\/wp\/wp-content\/uploads\/2020\/02\/13442191_1318872704806823_8805411228228801472_n.jpg\" data-id=\"858\" class=\"wp-image-858\" srcset=\"https:\/\/cpnda.com\/wp\/wp-content\/uploads\/2020\/02\/13442191_1318872704806823_8805411228228801472_n.jpg 960w, https:\/\/cpnda.com\/wp\/wp-content\/uploads\/2020\/02\/13442191_1318872704806823_8805411228228801472_n-300x225.jpg 300w, https:\/\/cpnda.com\/wp\/wp-content\/uploads\/2020\/02\/13442191_1318872704806823_8805411228228801472_n-768x576.jpg 768w\" sizes=\"auto, (max-width: 960px) 100vw, 960px\" \/><\/div><\/div><\/a><\/figure><\/div><\/li><\/ul><\/div>","protected":false},"excerpt":{"rendered":"<p>Projecto Escola de Pesca \u00c9 inten\u00e7\u00e3o do clube formar novas gera\u00e7\u00f5es de campe\u00f5es, para isso \u00e9 nos jovens que temos de apostar com forma\u00e7\u00e3o em aulas te\u00f3ricas e praticas. Se est\u00e1s interessado em aprender a pescar e participar nos respectivos campeonatos n\u00e3o hesites em te inscrever na&nbsp;nossa ESCOLINHA. Da responsabilidade das Sec\u00e7\u00f5es de Pesca de [&hellip;]<\/p>\n","protected":false},"author":1,"featured_media":849,"parent":64,"menu_order":0,"comment_status":"closed","ping_status":"closed","template":"","meta":{"_crdt_document":"","footnotes":""},"class_list":["post-263","page","type-page","status-publish","has-post-thumbnail","hentry"],"_links":{"self":[{"href":"https:\/\/cpnda.com\/wp\/wp-json\/wp\/v2\/pages\/263","targetHints":{"allow":["GET"]}}],"collection":[{"href":"https:\/\/cpnda.com\/wp\/wp-json\/wp\/v2\/pages"}],"about":[{"href":"https:\/\/cpnda.com\/wp\/wp-json\/wp\/v2\/types\/page"}],"author":[{"embeddable":true,"href":"https:\/\/cpnda.com\/wp\/wp-json\/wp\/v2\/users\/1"}],"replies":[{"embeddable":true,"href":"https:\/\/cpnda.com\/wp\/wp-json\/wp\/v2\/comments?post=263"}],"version-history":[{"count":6,"href":"https:\/\/cpnda.com\/wp\/wp-json\/wp\/v2\/pages\/263\/revisions"}],"predecessor-version":[{"id":859,"href":"https:\/\/cpnda.com\/wp\/wp-json\/wp\/v2\/pages\/263\/revisions\/859"}],"up":[{"embeddable":true,"href":"https:\/\/cpnda.com\/wp\/wp-json\/wp\/v2\/pages\/64"}],"wp:featuredmedia":[{"embeddable":true,"href":"https:\/\/cpnda.com\/wp\/wp-json\/wp\/v2\/media\/849"}],"wp:attachment":[{"href":"https:\/\/cpnda.com\/wp\/wp-json\/wp\/v2\/media?parent=263"}],"curies":[{"name":"wp","href":"https:\/\/api.w.org\/{rel}","templated":true}]}}