{"id":1130,"date":"2020-02-23T20:41:52","date_gmt":"2020-02-23T20:41:52","guid":{"rendered":"https:\/\/cpnda.com\/wp\/?page_id=1130"},"modified":"2026-04-22T19:19:55","modified_gmt":"2026-04-22T19:19:55","slug":"socios","status":"publish","type":"page","link":"https:\/\/cpnda.com\/wp\/socios\/","title":{"rendered":"S\u00f3cios"},"content":{"rendered":"\n<div class=\"wp-block-columns is-layout-flex wp-container-core-columns-is-layout-8f761849 wp-block-columns-is-layout-flex\">\n<div class=\"wp-block-column is-vertically-aligned-center is-layout-flow wp-block-column-is-layout-flow\" style=\"flex-basis:33.33%\">\n<figure class=\"wp-block-image size-large\"><img loading=\"lazy\" decoding=\"async\" width=\"1024\" height=\"655\" src=\"https:\/\/cpnda.com\/wp\/wp-content\/uploads\/2020\/02\/newsletter-1024x655.png\" alt=\"\" class=\"wp-image-1133\" srcset=\"https:\/\/cpnda.com\/wp\/wp-content\/uploads\/2020\/02\/newsletter-1024x655.png 1024w, https:\/\/cpnda.com\/wp\/wp-content\/uploads\/2020\/02\/newsletter-300x192.png 300w, https:\/\/cpnda.com\/wp\/wp-content\/uploads\/2020\/02\/newsletter-768x491.png 768w, https:\/\/cpnda.com\/wp\/wp-content\/uploads\/2020\/02\/newsletter.png 1470w\" sizes=\"auto, (max-width: 1024px) 100vw, 1024px\" \/><\/figure>\n\n\n\n<p class=\"wp-block-paragraph\"><\/p>\n<\/div>\n\n\n\n<div class=\"wp-block-column is-layout-flow wp-block-column-is-layout-flow\" style=\"flex-basis:66.66%\">\n<h3 class=\"wp-block-heading\"><a href=\"https:\/\/cpnda.com\/wp\/newsletter-2\/\">NEWSLETTER<\/a><\/h3>\n\n\n\n<p class=\"has-text-align-justify wp-block-paragraph\">Receba comodamente todas as not\u00edcias do CPND\u00a0&#8211; ALBUFEIRA. Ter\u00e1 tamb\u00e9m acesso a novidades e promo\u00e7\u00f5es exclusivas por parte dos nossos parceiros e patrocinadores.<br><br><a href=\"https:\/\/cpnda.com\/wp\/newsletter-2\/\">ABRIR FORMUL\u00c1RIO<\/a><\/p>\n<\/div>\n<\/div>\n\n\n\n<div class=\"wp-block-columns is-layout-flex wp-container-core-columns-is-layout-8f761849 wp-block-columns-is-layout-flex\">\n<div class=\"wp-block-column is-layout-flow wp-block-column-is-layout-flow\" style=\"flex-basis:66.66%\">\n<h3 class=\"wp-block-heading\"><strong><a href=\"https:\/\/cpnda.com\/wp\/wp-content\/uploads\/2020\/02\/Proposta-de-Socio.pdf\" target=\"_blank\" rel=\"noreferrer noopener\" aria-label=\"FA\u00c7A-SE S\u00d3CIO (opens in a new tab)\">FA\u00c7A-SE S\u00d3CIO<\/a><\/strong><\/h3>\n\n\n\n<p class=\"has-text-align-justify wp-block-paragraph\">Em 2020 precisamos de ser ainda mais fortes, para podermos chegar sempre mais al\u00e9m e fazer melhor, para isso a sua colabora\u00e7\u00e3o \u00e9 essencial para n\u00f3s, voc\u00ea que ainda n\u00e3o \u00e9 s\u00f3cio aproveite este ano e junte-se a n\u00f3s.<br><br><a href=\"https:\/\/cpnda.com\/wp\/wp-content\/uploads\/2020\/02\/Proposta-de-Socio.pdf\" target=\"_blank\" rel=\"noreferrer noopener\" aria-label=\"ABRIR FORMUL\u00c1RIO (opens in a new tab)\">ABRIR FORMUL\u00c1RIO<\/a><\/p>\n<\/div>\n\n\n\n<div class=\"wp-block-column is-vertically-aligned-center is-layout-flow wp-block-column-is-layout-flow\" style=\"flex-basis:33.33%\">\n<figure class=\"wp-block-image size-large\"><img loading=\"lazy\" decoding=\"async\" width=\"600\" height=\"300\" src=\"https:\/\/cpnda.com\/wp\/wp-content\/uploads\/2020\/02\/socio.jpeg\" alt=\"\" class=\"wp-image-1136\" srcset=\"https:\/\/cpnda.com\/wp\/wp-content\/uploads\/2020\/02\/socio.jpeg 600w, https:\/\/cpnda.com\/wp\/wp-content\/uploads\/2020\/02\/socio-300x150.jpeg 300w\" sizes=\"auto, (max-width: 600px) 100vw, 600px\" \/><\/figure>\n<\/div>\n<\/div>\n\n\n\n<div class=\"wp-block-image\"><figure class=\"aligncenter size-full is-resized\"><a href=\"https:\/\/cpnda.com\/wp\/estatutos\/\"><img loading=\"lazy\" decoding=\"async\" src=\"https:\/\/cpnda.com\/wp\/wp-content\/uploads\/2020\/02\/Estatutos.jpg\" alt=\"\" class=\"wp-image-951\" width=\"346\" height=\"173\"\/><\/a><figcaption><a href=\"https:\/\/cpnda.com\/wp\/estatutos\/\">Estatutos<\/a><\/figcaption><\/figure><\/div>\n\n\n\n<p class=\"wp-block-paragraph\"><\/p>\n\n\n\n<div class=\"wp-block-image\"><figure class=\"aligncenter size-full is-resized\"><a href=\"https:\/\/cpnda.com\/wp\/regulamento-interno\/\"><img loading=\"lazy\" decoding=\"async\" src=\"https:\/\/cpnda.com\/wp\/wp-content\/uploads\/2019\/02\/business-1-e1582412121515.jpg\" alt=\"\" class=\"wp-image-105\" width=\"351\" height=\"208\"\/><\/a><figcaption><a href=\"https:\/\/cpnda.com\/wp\/regulamento-interno\/\">Regulamento Interno<\/a><\/figcaption><\/figure><\/div>\n\n\n\n<p class=\"wp-block-paragraph\"><\/p>\n","protected":false},"excerpt":{"rendered":"<p>NEWSLETTER Receba comodamente todas as not\u00edcias do CPND\u00a0&#8211; ALBUFEIRA. Ter\u00e1 tamb\u00e9m acesso a novidades e promo\u00e7\u00f5es exclusivas por parte dos nossos parceiros e patrocinadores. ABRIR FORMUL\u00c1RIO FA\u00c7A-SE S\u00d3CIO Em 2020 precisamos de ser ainda mais fortes, para podermos chegar sempre mais al\u00e9m e fazer melhor, para isso a sua colabora\u00e7\u00e3o \u00e9 essencial para n\u00f3s, voc\u00ea [&hellip;]<\/p>\n","protected":false},"author":1,"featured_media":1131,"parent":0,"menu_order":0,"comment_status":"closed","ping_status":"closed","template":"","meta":{"_crdt_document":"{\"document\":\"AAAH6LOv+AuDAqIBCA6ObwQCAQIKSg4CAQIKAQNKGAIBAgoBAkoAGAECCgBKcoQBAQIKAQNKGAIBAgoABEQBCkoAogIBAgoCQgEHStAEkAwBAgpKDgIBAgoBA0oYAgECCgAERAEKSgCEBwECCgJCAQdK3ge8FAECCgEDShgCAQIKAQJK5hW+FQECCgEBCEgBDEoAogIBAgoASgASAQIKAQEISAEMSgCKAwECCgBKAOEBKAMnAAQAJwAEACcAKAQnACgAJwAHACgDJwAoACcABwAoAycAKAUnAAcAKAMnACgBJwAoAScAhwAoAycBKAAnAIcAKAMnACgFJwAHACgDJwAoACcABAAoDCcAhwAoAycBBAAoCScAhwAoAycAKAAnAAcAKAMnACgFJwAHACgDJwAoACcABAAoDCcAhwAoAycBBAAoCScAhwAoAycAKAUnAAcAKAMnACgBJwAoAScAhwAoAycAKAInAAQAKA4nAIcAKAMnASgAJwCHACgDJwAoAicABAAoDicAhwAoAycBKAAnizf2NHN0YXRldmVyc2lvbmRvY3VtZW50ZGF0ZWRvY3VtZW50c2x1Z2RvY3VtZW50c3RhdHVzZG9jdW1lbnR0aXRsZVPDs2Npb3Nkb2N1bWVudGNvbnRlbnQ8IS0tIHdwOmNvbHVtbnMgLS0+CjxkaXYgY2xhc3M9IndwLWJsb2NrLWNvbHVtbnMiPjwhLS0gd3A6Y29sdW1uIHsidmVydGljYWxBbGlnbm1lbnQiOiJjZW50ZXIiLCJ3aWR0aCI6MzMuMzN9IC0tPgo8ZGl2IGNsYXNzPSJ3cC1ibG9jay1jb2x1bW4gaXMtdmVydGljYWxseS1hbGlnbmVkLWNlbnRlciIgc3R5bGU9ImZsZXgtYmFzaXM6MzMuMzMlIj48IS0tIHdwOmltYWdlIHsiaWQiOjExMzMsInNpemVTbHVnIjoibGFyZ2UifSAtLT4KPGZpZ3VyZSBjbGFzcz0id3AtYmxvY2staW1hZ2Ugc2l6ZS1sYXJnZSI+PGltZyBzcmM9Imh0dHBzOi8vY3BuZGEuY29tL3dwL3dwLWNvbnRlbnQvdXBsb2Fkcy8yMDIwLzAyL25ld3NsZXR0ZXItMTAyNHg2NTUucG5nIiBhbHQ9IiIgY2xhc3M9IndwLWltYWdlLTExMzMiLz48L2ZpZ3VyZT4KPCEtLSAvd3A6aW1hZ2UgLS0+Cgo8IS0tIHdwOnBhcmFncmFwaCAtLT4KPHA+PC9wPgo8IS0tIC93cDpwYXJhZ3JhcGggLS0+PC9kaXY+CjwhLS0gL3dwOmNvbHVtbiAtLT4KCjwhLS0gd3A6Y29sdW1uIHsid2lkdGgiOjY2LjY2fSAtLT4KPGRpdiBjbGFzcz0id3AtYmxvY2stY29sdW1uIiBzdHlsZT0iZmxleC1iYXNpczo2Ni42NiUiPjwhLS0gd3A6aGVhZGluZyB7ImxldmVsIjozfSAtLT4KPGgzPjxhIGhyZWY9Imh0dHBzOi8vY3BuZGEuY29tL3dwL25ld3NsZXR0ZXItMi8iPk5FV1NMRVRURVI8L2E+PC9oMz4KPCEtLSAvd3A6aGVhZGluZyAtLT4KCjwhLS0gd3A6cGFyYWdyYXBoIHsiYWxpZ24iOiJqdXN0aWZ5In0gLS0+CjxwIGNsYXNzPSJoYXMtdGV4dC1hbGlnbi1qdXN0aWZ5Ij5SZWNlYmEgY29tb2RhbWVudGUgdG9kYXMgYXMgbm90w61jaWFzIGRvIENQTkTCoC0gQUxCVUZFSVJBLiBUZXLDoSB0YW1iw6ltIGFjZXNzbyBhIG5vdmlkYWRlcyBlIHByb21vw6fDtWVzIGV4Y2x1c2l2YXMgcG9yIHBhcnRlIGRvcyBub3Nzb3MgcGFyY2Vpcm9zIGUgcGF0cm9jaW5hZG9yZXMuPGJyPjxicj48YSBocmVmPSJodHRwczovL2NwbmRhLmNvbS93cC9uZXdzbGV0dGVyLTIvIj5BQlJJUiBGT1JNVUzDgVJJTzwvYT48L3A+CjwhLS0gL3dwOnBhcmFncmFwaCAtLT48L2Rpdj4KPCEtLSAvd3A6Y29sdW1uIC0tPjwvZGl2Pgo8IS0tIC93cDpjb2x1bW5zIC0tPgoKPCEtLSB3cDpjb2x1bW5zIC0tPgo8ZGl2IGNsYXNzPSJ3cC1ibG9jay1jb2x1bW5zIj48IS0tIHdwOmNvbHVtbiB7IndpZHRoIjo2Ni42Nn0gLS0+CjxkaXYgY2xhc3M9IndwLWJsb2NrLWNvbHVtbiIgc3R5bGU9ImZsZXgtYmFzaXM6NjYuNjYlIj48IS0tIHdwOmhlYWRpbmcgeyJsZXZlbCI6M30gLS0+CjxoMz48c3Ryb25nPjxhIGhyZWY9Imh0dHBzOi8vY3BuZGEuY29tL3dwL3dwLWNvbnRlbnQvdXBsb2Fkcy8yMDIwLzAyL1Byb3Bvc3RhLWRlLVNvY2lvLnBkZiIgdGFyZ2V0PSJfYmxhbmsiIHJlbD0ibm9yZWZlcnJlciBub29wZW5lciIgYXJpYS1sYWJlbD0iRkHDh0EtU0UgU8OTQ0lPIChvcGVucyBpbiBhIG5ldyB0YWIpIj5GQcOHQS1TRSBTw5NDSU88L2E+PC9zdHJvbmc+PC9oMz4KPCEtLSAvd3A6aGVhZGluZyAtLT4KCjwhLS0gd3A6cGFyYWdyYXBoIHsiYWxpZ24iOiJqdXN0aWZ5In0gLS0+CjxwIGNsYXNzPSJoYXMtdGV4dC1hbGlnbi1qdXN0aWZ5Ij5FbSAyMDIwIHByZWNpc2Ftb3MgZGUgc2VyIGFpbmRhIG1haXMgZm9ydGVzLCBwYXJhIHBvZGVybW9zIGNoZWdhciBzZW1wcmUgbWFpcyBhbMOpbSBlIGZhemVyIG1lbGhvciwgcGFyYSBpc3NvIGEgc3VhIGNvbGFib3Jhw6fDo28gw6kgZXNzZW5jaWFsIHBhcmEgbsOzcywgdm9jw6ogcXVlIGFpbmRhIG7Do28gw6kgc8OzY2lvIGFwcm92ZWl0ZSBlc3RlIGFubyBlIGp1bnRlLXNlIGEgbsOzcy48YnI+PGJyPjxhIGhyZWY9Imh0dHBzOi8vY3BuZGEuY29tL3dwL3dwLWNvbnRlbnQvdXBsb2Fkcy8yMDIwLzAyL1Byb3Bvc3RhLWRlLVNvY2lvLnBkZiIgdGFyZ2V0PSJfYmxhbmsiIHJlbD0ibm9yZWZlcnJlciBub29wZW5lciIgYXJpYS1sYWJlbD0iQUJSSVIgRk9STVVMw4FSSU8gKG9wZW5zIGluIGEgbmV3IHRhYikiPkFCUklSIEZPUk1VTMOBUklPPC9hPjwvcD4KPCEtLSAvd3A6cGFyYWdyYXBoIC0tPjwvZGl2Pgo8IS0tIC93cDpjb2x1bW4gLS0+Cgo8IS0tIHdwOmNvbHVtbiB7InZlcnRpY2FsQWxpZ25tZW50IjoiY2VudGVyIiwid2lkdGgiOjMzLjMzfSAtLT4KPGRpdiBjbGFzcz0id3AtYmxvY2stY29sdW1uIGlzLXZlcnRpY2FsbHktYWxpZ25lZC1jZW50ZXIiIHN0eWxlPSJmbGV4LWJhc2lzOjMzLjMzJSI+PCEtLSB3cDppbWFnZSB7ImlkIjoxMTM2LCJzaXplU2x1ZyI6ImxhcmdlIn0gLS0+CjxmaWd1cmUgY2xhc3M9IndwLWJsb2NrLWltYWdlIHNpemUtbGFyZ2UiPjxpbWcgc3JjPSJodHRwczovL2NwbmRhLmNvbS93cC93cC1jb250ZW50L3VwbG9hZHMvMjAyMC8wMi9zb2Npby5qcGVnIiBhbHQ9IiIgY2xhc3M9IndwLWltYWdlLTExMzYiLz48L2ZpZ3VyZT4KPCEtLSAvd3A6aW1hZ2UgLS0+PC9kaXY+CjwhLS0gL3dwOmNvbHVtbiAtLT48L2Rpdj4KPCEtLSAvd3A6Y29sdW1ucyAtLT4KCjwhLS0gd3A6aW1hZ2UgeyJhbGlnbiI6ImNlbnRlciIsImlkIjo5NTEsIndpZHRoIjozNDYsImhlaWdodCI6MTczLCJzaXplU2x1ZyI6ImZ1bGwifSAtLT4KPGRpdiBjbGFzcz0id3AtYmxvY2staW1hZ2UiPjxmaWd1cmUgY2xhc3M9ImFsaWduY2VudGVyIHNpemUtZnVsbCBpcy1yZXNpemVkIj48YSBocmVmPSJodHRwczovL2NwbmRhLmNvbS93cC9lc3RhdHV0b3MvIj48aW1nIHNyYz0iaHR0cHM6Ly9jcG5kYS5jb20vd3Avd3AtY29udGVudC91cGxvYWRzLzIwMjAvMDIvRXN0YXR1dG9zLmpwZyIgYWx0PSIiIGNsYXNzPSJ3cC1pbWFnZS05NTEiIHdpZHRoPSIzNDYiIGhlaWdodD0iMTczIi8+PC9hPjxmaWdjYXB0aW9uPjxhIGhyZWY9Imh0dHBzOi8vY3BuZGEuY29tL3dwL2VzdGF0dXRvcy8iPkVzdGF0dXRvczwvYT48L2ZpZ2NhcHRpb24+PC9maWd1cmU+PC9kaXY+CjwhLS0gL3dwOmltYWdlIC0tPgoKPCEtLSB3cDpwYXJhZ3JhcGggLS0+CjxwPjwvcD4KPCEtLSAvd3A6cGFyYWdyYXBoIC0tPgoKPCEtLSB3cDppbWFnZSB7ImFsaWduIjoiY2VudGVyIiwiaWQiOjEwNSwid2lkdGgiOjM1MSwiaGVpZ2h0IjoyMDgsInNpemVTbHVnIjoiZnVsbCJ9IC0tPgo8ZGl2IGNsYXNzPSJ3cC1ibG9jay1pbWFnZSI+PGZpZ3VyZSBjbGFzcz0iYWxpZ25jZW50ZXIgc2l6ZS1mdWxsIGlzLXJlc2l6ZWQiPjxhIGhyZWY9Imh0dHBzOi8vY3BuZGEuY29tL3dwL3JlZ3VsYW1lbnRvLWludGVybm8vIj48aW1nIHNyYz0iaHR0cHM6Ly9jcG5kYS5jb20vd3Avd3AtY29udGVudC91cGxvYWRzLzIwMTkvMDIvYnVzaW5lc3MtMS1lMTU4MjQxMjEyMTUxNS5qcGciIGFsdD0iIiBjbGFzcz0id3AtaW1hZ2UtMTA1IiB3aWR0aD0iMzUxIiBoZWlnaHQ9IjIwOCIvPjwvYT48ZmlnY2FwdGlvbj48YSBocmVmPSJodHRwczovL2NwbmRhLmNvbS93cC9yZWd1bGFtZW50by1pbnRlcm5vLyI+UmVndWxhbWVudG8gSW50ZXJubzwvYT48L2ZpZ2NhcHRpb24+PC9maWd1cmU+PC9kaXY+CjwhLS0gL3dwOmltYWdlIC0tPgoKPCEtLSB3cDpwYXJhZ3JhcGggLS0+CjxwPjwvcD4KPCEtLSAvd3A6cGFyYWdyYXBoIC0tPmRvY3VtZW50ZXhjZXJwdGRvY3VtZW50YXV0aG9yZG9jdW1lbnRmZWF0dXJlZF9tZWRpYWRvY3VtZW50Y29tbWVudF9zdGF0dXNkb2N1bWVudHBpbmdfc3RhdHVzZG9jdW1lbnR0ZW1wbGF0ZWRvY3VtZW50bWV0YWZvb3Rub3Rlc2RvY3VtZW50YmxvY2tzY2xpZW50SWRpc1ZhbGlkb3JpZ2luYWxDb250ZW50bmFtZWF0dHJpYnV0ZXNpc1N0YWNrZWRPbk1vYmlsZWlubmVyQmxvY2tzY2xpZW50SWRpc1ZhbGlkb3JpZ2luYWxDb250ZW50bmFtZWF0dHJpYnV0ZXN2ZXJ0aWNhbEFsaWdubWVudHdpZHRobG9ja2NsYXNzTmFtZXN0eWxlbWV0YWRhdGFpbm5lckJsb2Nrc2NsaWVudElkaXNWYWxpZG9yaWdpbmFsQ29udGVudG5hbWVhdHRyaWJ1dGVzdXJsYWx0Y2FwdGlvbmlkc2l6ZVNsdWdpbm5lckJsb2Nrc2NsaWVudElkaXNWYWxpZG9yaWdpbmFsQ29udGVudG5hbWVhdHRyaWJ1dGVzY29udGVudGRyb3BDYXBpbm5lckJsb2Nrc2NsaWVudElkaXNWYWxpZG9yaWdpbmFsQ29udGVudG5hbWVhdHRyaWJ1dGVzdmVydGljYWxBbGlnbm1lbnR3aWR0aGxvY2tjbGFzc05hbWVzdHlsZW1ldGFkYXRhaW5uZXJCbG9ja3NjbGllbnRJZGlzVmFsaWRvcmlnaW5hbENvbnRlbnRuYW1lYXR0cmlidXRlc3RleHRBbGlnbmNvbnRlbnQ8YSBocmVmPSJodHRwczovL2NwbmRhLmNvbS93cC9uZXdzbGV0dGVyLTIvIj5ORVdTTEVUVEVSPC9hPmxldmVscGxhY2Vob2xkZXJiYWNrZ3JvdW5kQ29sb3J0ZXh0Q29sb3JncmFkaWVudGFsaWdubG9ja2FuY2hvcmNsYXNzTmFtZWZvbnRGYW1pbHlmb250U2l6ZXN0eWxlbWV0YWRhdGFpbm5lckJsb2Nrc2NsaWVudElkaXNWYWxpZG9yaWdpbmFsQ29udGVudG5hbWVhdHRyaWJ1dGVzY29udGVudFJlY2ViYSBjb21vZGFtZW50ZSB0b2RhcyBhcyBub3TDrWNpYXMgZG8gQ1BORCZuYnNwOy0gQUxCVUZFSVJBLiBUZXLDoSB0YW1iw6ltIGFjZXNzbyBhIG5vdmlkYWRlcyBlIHByb21vw6fDtWVzIGV4Y2x1c2l2YXMgcG9yIHBhcnRlIGRvcyBub3Nzb3MgcGFyY2Vpcm9zIGUgcGF0cm9jaW5hZG9yZXMuPGJyPjxicj48YSBocmVmPSJodHRwczovL2NwbmRhLmNvbS93cC9uZXdzbGV0dGVyLTIvIj5BQlJJUiBGT1JNVUzDgVJJTzwvYT5kcm9wQ2FwcGxhY2Vob2xkZXJ0ZXh0Q29sb3JiYWNrZ3JvdW5kQ29sb3Jmb250U2l6ZWRpcmVjdGlvbnN0eWxlbG9ja2NsYXNzTmFtZW1ldGFkYXRhaW5uZXJCbG9ja3NjbGllbnRJZGlzVmFsaWRvcmlnaW5hbENvbnRlbnRuYW1lYXR0cmlidXRlc2lzU3RhY2tlZE9uTW9iaWxlaW5uZXJCbG9ja3NjbGllbnRJZGlzVmFsaWRvcmlnaW5hbENvbnRlbnRuYW1lYXR0cmlidXRlc3ZlcnRpY2FsQWxpZ25tZW50d2lkdGhsb2NrY2xhc3NOYW1lc3R5bGVtZXRhZGF0YWlubmVyQmxvY2tzY2xpZW50SWRpc1ZhbGlkb3JpZ2luYWxDb250ZW50bmFtZWF0dHJpYnV0ZXN0ZXh0QWxpZ25jb250ZW50PHN0cm9uZz48YSBocmVmPSJodHRwczovL2NwbmRhLmNvbS93cC93cC1jb250ZW50L3VwbG9hZHMvMjAyMC8wMi9Qcm9wb3N0YS1kZS1Tb2Npby5wZGYiIHRhcmdldD0iX2JsYW5rIiByZWw9Im5vcmVmZXJyZXIgbm9vcGVuZXIiIGFyaWEtbGFiZWw9IkZBw4dBLVNFIFPDk0NJTyAob3BlbnMgaW4gYSBuZXcgdGFiKSI+RkHDh0EtU0UgU8OTQ0lPPC9hPjwvc3Ryb25nPmxldmVscGxhY2Vob2xkZXJiYWNrZ3JvdW5kQ29sb3J0ZXh0Q29sb3JncmFkaWVudGFsaWdubG9ja2FuY2hvcmNsYXNzTmFtZWZvbnRGYW1pbHlmb250U2l6ZXN0eWxlbWV0YWRhdGFpbm5lckJsb2Nrc2NsaWVudElkaXNWYWxpZG9yaWdpbmFsQ29udGVudG5hbWVhdHRyaWJ1dGVzY29udGVudEVtIDIwMjAgcHJlY2lzYW1vcyBkZSBzZXIgYWluZGEgbWFpcyBmb3J0ZXMsIHBhcmEgcG9kZXJtb3MgY2hlZ2FyIHNlbXByZSBtYWlzIGFsw6ltIGUgZmF6ZXIgbWVsaG9yLCBwYXJhIGlzc28gYSBzdWEgY29sYWJvcmHDp8OjbyDDqSBlc3NlbmNpYWwgcGFyYSBuw7NzLCB2b2PDqiBxdWUgYWluZGEgbsOjbyDDqSBzw7NjaW8gYXByb3ZlaXRlIGVzdGUgYW5vIGUganVudGUtc2UgYSBuw7NzLjxicj48YnI+PGEgaHJlZj0iaHR0cHM6Ly9jcG5kYS5jb20vd3Avd3AtY29udGVudC91cGxvYWRzLzIwMjAvMDIvUHJvcG9zdGEtZGUtU29jaW8ucGRmIiB0YXJnZXQ9Il9ibGFuayIgcmVsPSJub3JlZmVycmVyIG5vb3BlbmVyIiBhcmlhLWxhYmVsPSJBQlJJUiBGT1JNVUzDgVJJTyAob3BlbnMgaW4gYSBuZXcgdGFiKSI+QUJSSVIgRk9STVVMw4FSSU88L2E+ZHJvcENhcHBsYWNlaG9sZGVydGV4dENvbG9yYmFja2dyb3VuZENvbG9yZm9udFNpemVkaXJlY3Rpb25zdHlsZWxvY2tjbGFzc05hbWVtZXRhZGF0YWlubmVyQmxvY2tzY2xpZW50SWRpc1ZhbGlkb3JpZ2luYWxDb250ZW50bmFtZWF0dHJpYnV0ZXN2ZXJ0aWNhbEFsaWdubWVudHdpZHRobG9ja2NsYXNzTmFtZXN0eWxlbWV0YWRhdGFpbm5lckJsb2Nrc2NsaWVudElkaXNWYWxpZG9yaWdpbmFsQ29udGVudG5hbWVhdHRyaWJ1dGVzdXJsYWx0Y2FwdGlvbmlkc2l6ZVNsdWdpbm5lckJsb2Nrc2NsaWVudElkaXNWYWxpZG9yaWdpbmFsQ29udGVudG5hbWVhdHRyaWJ1dGVzYWxpZ251cmxhbHRjYXB0aW9uPGEgaHJlZj0iaHR0cHM6Ly9jcG5kYS5jb20vd3AvZXN0YXR1dG9zLyI+RXN0YXR1dG9zPC9hPnRpdGxlaHJlZnJlbGxpbmtDbGFzc2lkd2lkdGhoZWlnaHRzaXplU2x1Z2xpbmtEZXN0aW5hdGlvbmxpbmtUYXJnZXRsb2NrYW5jaG9yY2xhc3NOYW1lc3R5bGVtZXRhZGF0YWlubmVyQmxvY2tzY2xpZW50SWRpc1ZhbGlkb3JpZ2luYWxDb250ZW50bmFtZWF0dHJpYnV0ZXNjb250ZW50ZHJvcENhcGlubmVyQmxvY2tzY2xpZW50SWRpc1ZhbGlkb3JpZ2luYWxDb250ZW50bmFtZWF0dHJpYnV0ZXNhbGlnbnVybGFsdGNhcHRpb248YSBocmVmPSJodHRwczovL2NwbmRhLmNvbS93cC9yZWd1bGFtZW50by1pbnRlcm5vLyI+UmVndWxhbWVudG8gSW50ZXJubzwvYT50aXRsZWhyZWZyZWxsaW5rQ2xhc3NpZHdpZHRoaGVpZ2h0c2l6ZVNsdWdsaW5rRGVzdGluYXRpb25saW5rVGFyZ2V0bG9ja2FuY2hvcmNsYXNzTmFtZXN0eWxlbWV0YWRhdGFpbm5lckJsb2Nrc2NsaWVudElkaXNWYWxpZG9yaWdpbmFsQ29udGVudG5hbWVhdHRyaWJ1dGVzY29udGVudGRyb3BDYXBpbm5lckJsb2NrcwUHCAQIBAgGCAUGCAegNwgHCAYIDggOCAtIAQQJCAYIBw8EChELCAcPBAoRBQQJBQgLCAcPBApDAAcCCAsIBw8ECkcACwgHDwQKEQUECQUICwgHDwQKCQc7BQsPCQgFBAYJCggFCAsIBw8ECgeuAwcLCQ8ICQUECQgLCAcPBAoRCwgHDwQKEQUECQUICwgHDwQKCQeMAwULDwkIBQQGCQoIBQgLCAcPBAoHnQYHCwkPCAkFBAkICwgHDwQKEQUECQUICwgHDwQKQwAHAggLCAcPBAoFQwAHNwUEAwkCBQYIDwoEBgkFCAsIBw8ECkcACwgHDwQKBUMAB4sBBQQDCQIFBggPCgQGCQUICwgHDwQKRwALDwEEAAABAAAAAQYAAAEAAEJCAQEAQQAAQQAAQQACAEEAAgBBAABBAAIAQQACAEEAAEEAAEEAAgBBAAIAQQAAQQACAEEAAgBBAAIAQQACAEEAAgADQcUBAZICAH0BdxMyMDIwLTAyLTIzVDIwOjQxOjUydwZzb2Npb3N3B3B1Ymxpc2h9AX2rEXcGY2xvc2VkdwZjbG9zZWR3AHcAdyQzMDQ0M2M2OC01YmU5LTRmNjEtOTQzZi00MGIzNDZjZmFhNTZ4dyY8ZGl2IGNsYXNzPSJ3cC1ibG9jay1jb2x1bW5zIj4KCjwvZGl2PncMY29yZS9jb2x1bW5zeHckYjJkN2Y4YTMtZTc4My00ZTAwLWEyOTUtMzA5ODg1YzhhZDA3eHdcPGRpdiBjbGFzcz0id3AtYmxvY2stY29sdW1uIGlzLXZlcnRpY2FsbHktYWxpZ25lZC1jZW50ZXIiIHN0eWxlPSJmbGV4LWJhc2lzOjMzLjMzJSI+Cgo8L2Rpdj53C2NvcmUvY29sdW1udwZjZW50ZXJ3BjMzLjMzJX9\/f393JGVjMDdmY2Q2LWI5NDUtNDg4Mi1iMGM1LWQ1OGE1ZTU0OTYyZXh3pAE8ZmlndXJlIGNsYXNzPSJ3cC1ibG9jay1pbWFnZSBzaXplLWxhcmdlIj48aW1nIHNyYz0iaHR0cHM6Ly9jcG5kYS5jb20vd3Avd3AtY29udGVudC91cGxvYWRzLzIwMjAvMDIvbmV3c2xldHRlci0xMDI0eDY1NS5wbmciIGFsdD0iIiBjbGFzcz0id3AtaW1hZ2UtMTEzMyIvPjwvZmlndXJlPncKY29yZS9pbWFnZXdHaHR0cHM6Ly9jcG5kYS5jb20vd3Avd3AtY29udGVudC91cGxvYWRzLzIwMjAvMDIvbmV3c2xldHRlci0xMDI0eDY1NS5wbmd3AH2tEXcFbGFyZ2V3JGQwNmFiNzViLWMwYmItNDc0OS1iYWM0LTAwY2FmZTdlMGM3OHh3BzxwPjwvcD53DmNvcmUvcGFyYWdyYXBoeXckOGVhZWI5NzktNmJmMS00ZGMwLWE2NmMtOTc1YTc2MjgwNWQzeHc\/PGRpdiBjbGFzcz0id3AtYmxvY2stY29sdW1uIiBzdHlsZT0iZmxleC1iYXNpczo2Ni42NiUiPgoKPC9kaXY+dwtjb3JlL2NvbHVtbn93BjY2LjY2JX9\/f393JGI0ZTllM2I5LTgxM2UtNDU0NS1hZTE4LTAzMDNhNjBmMWI1OHh3RDxoMz48YSBocmVmPSJodHRwczovL2NwbmRhLmNvbS93cC9uZXdzbGV0dGVyLTIvIj5ORVdTTEVUVEVSPC9hPjwvaDM+dwxjb3JlL2hlYWRpbmd\/fQN\/f39\/f39\/f39\/f393JGRjZjExODhlLWVjYjMtNGMwZS04NmRmLWZlMmIxMjdjNjM1M3h3lgI8cCBjbGFzcz0iaGFzLXRleHQtYWxpZ24tanVzdGlmeSI+UmVjZWJhIGNvbW9kYW1lbnRlIHRvZGFzIGFzIG5vdMOtY2lhcyBkbyBDUE5EwqAtIEFMQlVGRUlSQS4gVGVyw6EgdGFtYsOpbSBhY2Vzc28gYSBub3ZpZGFkZXMgZSBwcm9tb8Onw7VlcyBleGNsdXNpdmFzIHBvciBwYXJ0ZSBkb3Mgbm9zc29zIHBhcmNlaXJvcyBlIHBhdHJvY2luYWRvcmVzLjxicj48YnI+PGEgaHJlZj0iaHR0cHM6Ly9jcG5kYS5jb20vd3AvbmV3c2xldHRlci0yLyI+QUJSSVIgRk9STVVMw4FSSU88L2E+PC9wPncOY29yZS9wYXJhZ3JhcGh5f39\/f392AQp0eXBvZ3JhcGh5dgEJdGV4dEFsaWdudwdqdXN0aWZ5f39\/dyQ0NjA0ZGM3NS00NWFhLTRlOTUtYjQ1MS04ODYzY2Y1Yzc2Mjd4dyY8ZGl2IGNsYXNzPSJ3cC1ibG9jay1jb2x1bW5zIj4KCjwvZGl2PncMY29yZS9jb2x1bW5zeHckN2Y3YTcwODctMzc3OS00NGExLTgyNGEtZGJiOWJkNmRiZGNmeHc\/PGRpdiBjbGFzcz0id3AtYmxvY2stY29sdW1uIiBzdHlsZT0iZmxleC1iYXNpczo2Ni42NiUiPgoKPC9kaXY+dwtjb3JlL2NvbHVtbn93BjY2LjY2JX9\/f393JGY5NTk3MjE3LWFjNTEtNDcwZC1iNmZkLTU2N2NkYzc0NjJkOHh32QE8aDM+PHN0cm9uZz48YSBocmVmPSJodHRwczovL2NwbmRhLmNvbS93cC93cC1jb250ZW50L3VwbG9hZHMvMjAyMC8wMi9Qcm9wb3N0YS1kZS1Tb2Npby5wZGYiIHRhcmdldD0iX2JsYW5rIiByZWw9Im5vcmVmZXJyZXIgbm9vcGVuZXIiIGFyaWEtbGFiZWw9IkZBw4dBLVNFIFPDk0NJTyAob3BlbnMgaW4gYSBuZXcgdGFiKSI+RkHDh0EtU0UgU8OTQ0lPPC9hPjwvc3Ryb25nPjwvaDM+dwxjb3JlL2hlYWRpbmd\/fQN\/f39\/f39\/f39\/f393JDQ4YWQ3MjFmLTZkYmMtNDg4NS04MGY4LTBkNDUxMzhjYWU2ZXh3zwM8cCBjbGFzcz0iaGFzLXRleHQtYWxpZ24tanVzdGlmeSI+RW0gMjAyMCBwcmVjaXNhbW9zIGRlIHNlciBhaW5kYSBtYWlzIGZvcnRlcywgcGFyYSBwb2Rlcm1vcyBjaGVnYXIgc2VtcHJlIG1haXMgYWzDqW0gZSBmYXplciBtZWxob3IsIHBhcmEgaXNzbyBhIHN1YSBjb2xhYm9yYcOnw6NvIMOpIGVzc2VuY2lhbCBwYXJhIG7Ds3MsIHZvY8OqIHF1ZSBhaW5kYSBuw6NvIMOpIHPDs2NpbyBhcHJvdmVpdGUgZXN0ZSBhbm8gZSBqdW50ZS1zZSBhIG7Ds3MuPGJyPjxicj48YSBocmVmPSJodHRwczovL2NwbmRhLmNvbS93cC93cC1jb250ZW50L3VwbG9hZHMvMjAyMC8wMi9Qcm9wb3N0YS1kZS1Tb2Npby5wZGYiIHRhcmdldD0iX2JsYW5rIiByZWw9Im5vcmVmZXJyZXIgbm9vcGVuZXIiIGFyaWEtbGFiZWw9IkFCUklSIEZPUk1VTMOBUklPIChvcGVucyBpbiBhIG5ldyB0YWIpIj5BQlJJUiBGT1JNVUzDgVJJTzwvYT48L3A+dw5jb3JlL3BhcmFncmFwaHl\/f39\/f3YBCnR5cG9ncmFwaHl2AQl0ZXh0QWxpZ253B2p1c3RpZnl\/f393JDUwNGVjZGI5LWQwMzctNDQ4Yi1iMmI1LTg5OTEyOWZkYWRmNnh3WjxkaXYgY2xhc3M9IndwLWJsb2NrLWNvbHVtbiBpcy12ZXJ0aWNhbGx5LWFsaWduZWQtY2VudGVyIiBzdHlsZT0iZmxleC1iYXNpczozMy4zMyUiPjwvZGl2PncLY29yZS9jb2x1bW53BmNlbnRlcncGMzMuMzMlf39\/f3ckZTI3OGNjMmYtMTVhZC00OWNmLThlMjMtNjUzYWMxNDQ4ZTkxeHeXATxmaWd1cmUgY2xhc3M9IndwLWJsb2NrLWltYWdlIHNpemUtbGFyZ2UiPjxpbWcgc3JjPSJodHRwczovL2NwbmRhLmNvbS93cC93cC1jb250ZW50L3VwbG9hZHMvMjAyMC8wMi9zb2Npby5qcGVnIiBhbHQ9IiIgY2xhc3M9IndwLWltYWdlLTExMzYiLz48L2ZpZ3VyZT53CmNvcmUvaW1hZ2V3Omh0dHBzOi8vY3BuZGEuY29tL3dwL3dwLWNvbnRlbnQvdXBsb2Fkcy8yMDIwLzAyL3NvY2lvLmpwZWd3AH2wEXcFbGFyZ2V3JDFjNmYxYmEwLTBmNWMtNDUwNC05ZjNhLTg4YzVmOGQzM2E1ZHh32QI8ZGl2IGNsYXNzPSJ3cC1ibG9jay1pbWFnZSI+PGZpZ3VyZSBjbGFzcz0iYWxpZ25jZW50ZXIgc2l6ZS1mdWxsIGlzLXJlc2l6ZWQiPjxhIGhyZWY9Imh0dHBzOi8vY3BuZGEuY29tL3dwL2VzdGF0dXRvcy8iPjxpbWcgc3JjPSJodHRwczovL2NwbmRhLmNvbS93cC93cC1jb250ZW50L3VwbG9hZHMvMjAyMC8wMi9Fc3RhdHV0b3MuanBnIiBhbHQ9IiIgY2xhc3M9IndwLWltYWdlLTk1MSIgd2lkdGg9IjM0NiIgaGVpZ2h0PSIxNzMiLz48L2E+PGZpZ2NhcHRpb24+PGEgaHJlZj0iaHR0cHM6Ly9jcG5kYS5jb20vd3AvZXN0YXR1dG9zLyI+RXN0YXR1dG9zPC9hPjwvZmlnY2FwdGlvbj48L2ZpZ3VyZT48L2Rpdj53CmNvcmUvaW1hZ2V3BmNlbnRlcnc9aHR0cHM6Ly9jcG5kYS5jb20vd3Avd3AtY29udGVudC91cGxvYWRzLzIwMjAvMDIvRXN0YXR1dG9zLmpwZ3cAf3cfaHR0cHM6Ly9jcG5kYS5jb20vd3AvZXN0YXR1dG9zL39\/fbcOfZoFfa0CdwRmdWxsf39\/f39\/f3ckZWYzYWZhZmYtMTVkZi00NzY0LThhMDItYTJmYzQ2OTBlMDUweHcHPHA+PC9wPncOY29yZS9wYXJhZ3JhcGh5dyRmOTQzOTlhNC1iMmU3LTQ0NTItODJjYy1kYWYyYTBkZTVjZTl4d4cDPGRpdiBjbGFzcz0id3AtYmxvY2staW1hZ2UiPjxmaWd1cmUgY2xhc3M9ImFsaWduY2VudGVyIHNpemUtZnVsbCBpcy1yZXNpemVkIj48YSBocmVmPSJodHRwczovL2NwbmRhLmNvbS93cC9yZWd1bGFtZW50by1pbnRlcm5vLyI+PGltZyBzcmM9Imh0dHBzOi8vY3BuZGEuY29tL3dwL3dwLWNvbnRlbnQvdXBsb2Fkcy8yMDE5LzAyL2J1c2luZXNzLTEtZTE1ODI0MTIxMjE1MTUuanBnIiBhbHQ9IiIgY2xhc3M9IndwLWltYWdlLTEwNSIgd2lkdGg9IjM1MSIgaGVpZ2h0PSIyMDgiLz48L2E+PGZpZ2NhcHRpb24+PGEgaHJlZj0iaHR0cHM6Ly9jcG5kYS5jb20vd3AvcmVndWxhbWVudG8taW50ZXJuby8iPlJlZ3VsYW1lbnRvIEludGVybm88L2E+PC9maWdjYXB0aW9uPjwvZmlndXJlPjwvZGl2PncKY29yZS9pbWFnZXcGY2VudGVyd01odHRwczovL2NwbmRhLmNvbS93cC93cC1jb250ZW50L3VwbG9hZHMvMjAxOS8wMi9idXNpbmVzcy0xLWUxNTgyNDEyMTIxNTE1LmpwZ3cAf3cpaHR0cHM6Ly9jcG5kYS5jb20vd3AvcmVndWxhbWVudG8taW50ZXJuby9\/f32pAX2fBX2QA3cEZnVsbH9\/f39\/f393JDMxYmQ2NTk0LTdkYWEtNDRiZC1hMGExLTMzODllNTY3YTA1M3h3BzxwPjwvcD53DmNvcmUvcGFyYWdyYXBoeQA=\",\"updateId\":238519203}","footnotes":""},"class_list":["post-1130","page","type-page","status-publish","has-post-thumbnail","hentry"],"_links":{"self":[{"href":"https:\/\/cpnda.com\/wp\/wp-json\/wp\/v2\/pages\/1130","targetHints":{"allow":["GET"]}}],"collection":[{"href":"https:\/\/cpnda.com\/wp\/wp-json\/wp\/v2\/pages"}],"about":[{"href":"https:\/\/cpnda.com\/wp\/wp-json\/wp\/v2\/types\/page"}],"author":[{"embeddable":true,"href":"https:\/\/cpnda.com\/wp\/wp-json\/wp\/v2\/users\/1"}],"replies":[{"embeddable":true,"href":"https:\/\/cpnda.com\/wp\/wp-json\/wp\/v2\/comments?post=1130"}],"version-history":[{"count":18,"href":"https:\/\/cpnda.com\/wp\/wp-json\/wp\/v2\/pages\/1130\/revisions"}],"predecessor-version":[{"id":6126,"href":"https:\/\/cpnda.com\/wp\/wp-json\/wp\/v2\/pages\/1130\/revisions\/6126"}],"wp:featuredmedia":[{"embeddable":true,"href":"https:\/\/cpnda.com\/wp\/wp-json\/wp\/v2\/media\/1131"}],"wp:attachment":[{"href":"https:\/\/cpnda.com\/wp\/wp-json\/wp\/v2\/media?parent=1130"}],"curies":[{"name":"wp","href":"https:\/\/api.w.org\/{rel}","templated":true}]}}